{"id":570,"date":"2024-07-16T11:16:59","date_gmt":"2024-07-16T11:16:59","guid":{"rendered":"https:\/\/www.san-met.ee\/?page_id=570"},"modified":"2024-07-25T09:55:48","modified_gmt":"2024-07-25T09:55:48","slug":"partnerid","status":"publish","type":"page","link":"https:\/\/www.san-met.ee\/en\/partnerid\/","title":{"rendered":"Partners"},"content":{"rendered":"<div data-elementor-type=\"wp-page\" data-elementor-id=\"570\" class=\"elementor elementor-570\">\n\t\t\t\t\t\t<section class=\"elementor-section elementor-top-section elementor-element elementor-element-d50f2ec elementor-section-full_width elementor-section-height-default elementor-section-height-default\" data-id=\"d50f2ec\" data-element_type=\"section\" data-settings=\"{&quot;background_background&quot;:&quot;classic&quot;}\">\n\t\t\t\t\t\t\t<div class=\"elementor-background-overlay\"><\/div>\n\t\t\t\t\t\t\t<div class=\"elementor-container elementor-column-gap-no\">\n\t\t\t\t\t<div class=\"elementor-column elementor-col-100 elementor-top-column elementor-element elementor-element-9475c2a\" data-id=\"9475c2a\" data-element_type=\"column\" data-settings=\"{&quot;background_background&quot;:&quot;classic&quot;}\">\n\t\t\t<div class=\"elementor-widget-wrap elementor-element-populated\">\n\t\t\t\t\t\t<div class=\"elementor-element elementor-element-4f90337 elementor-widget elementor-widget-spacer\" data-id=\"4f90337\" data-element_type=\"widget\" data-widget_type=\"spacer.default\">\n\t\t\t\t<div class=\"elementor-widget-container\">\n\t\t\t<style>\/*! elementor - v3.23.0 - 23-07-2024 *\/\n.elementor-column .elementor-spacer-inner{height:var(--spacer-size)}.e-con{--container-widget-width:100%}.e-con-inner>.elementor-widget-spacer,.e-con>.elementor-widget-spacer{width:var(--container-widget-width,var(--spacer-size));--align-self:var(--container-widget-align-self,initial);--flex-shrink:0}.e-con-inner>.elementor-widget-spacer>.elementor-widget-container,.e-con>.elementor-widget-spacer>.elementor-widget-container{height:100%;width:100%}.e-con-inner>.elementor-widget-spacer>.elementor-widget-container>.elementor-spacer,.e-con>.elementor-widget-spacer>.elementor-widget-container>.elementor-spacer{height:100%}.e-con-inner>.elementor-widget-spacer>.elementor-widget-container>.elementor-spacer>.elementor-spacer-inner,.e-con>.elementor-widget-spacer>.elementor-widget-container>.elementor-spacer>.elementor-spacer-inner{height:var(--container-widget-height,var(--spacer-size))}.e-con-inner>.elementor-widget-spacer.elementor-widget-empty,.e-con>.elementor-widget-spacer.elementor-widget-empty{position:relative;min-height:22px;min-width:22px}.e-con-inner>.elementor-widget-spacer.elementor-widget-empty .elementor-widget-empty-icon,.e-con>.elementor-widget-spacer.elementor-widget-empty .elementor-widget-empty-icon{position:absolute;top:0;bottom:0;left:0;right:0;margin:auto;padding:0;width:22px;height:22px}<\/style>\t\t<div class=\"elementor-spacer\">\n\t\t\t<div class=\"elementor-spacer-inner\"><\/div>\n\t\t<\/div>\n\t\t\t\t<\/div>\n\t\t\t\t<\/div>\n\t\t\t\t\t<\/div>\n\t\t<\/div>\n\t\t\t\t\t<\/div>\n\t\t<\/section>\n\t\t\t\t<section class=\"elementor-section elementor-top-section elementor-element elementor-element-f089dd5 elementor-section-boxed elementor-section-height-default elementor-section-height-default\" data-id=\"f089dd5\" data-element_type=\"section\">\n\t\t\t\t\t\t<div class=\"elementor-container elementor-column-gap-no\">\n\t\t\t\t\t<div class=\"elementor-column elementor-col-100 elementor-top-column elementor-element elementor-element-a05a6bc\" data-id=\"a05a6bc\" data-element_type=\"column\">\n\t\t\t<div class=\"elementor-widget-wrap elementor-element-populated\">\n\t\t\t\t\t\t<section class=\"elementor-section elementor-inner-section elementor-element elementor-element-bf79079 elementor-section-content-bottom elementor-section-boxed elementor-section-height-default elementor-section-height-default\" data-id=\"bf79079\" data-element_type=\"section\">\n\t\t\t\t\t\t<div class=\"elementor-container elementor-column-gap-default\">\n\t\t\t\t\t<div class=\"elementor-column elementor-col-50 elementor-inner-column elementor-element elementor-element-aa6cf43\" data-id=\"aa6cf43\" data-element_type=\"column\">\n\t\t\t<div class=\"elementor-widget-wrap elementor-element-populated\">\n\t\t\t\t\t\t<div class=\"elementor-element elementor-element-40b5a2c elementor-widget elementor-widget-heading\" data-id=\"40b5a2c\" data-element_type=\"widget\" data-widget_type=\"heading.default\">\n\t\t\t\t<div class=\"elementor-widget-container\">\n\t\t\t<style>\/*! elementor - v3.23.0 - 23-07-2024 *\/\n.elementor-heading-title{padding:0;margin:0;line-height:1}.elementor-widget-heading .elementor-heading-title[class*=elementor-size-]>a{color:inherit;font-size:inherit;line-height:inherit}.elementor-widget-heading .elementor-heading-title.elementor-size-small{font-size:15px}.elementor-widget-heading .elementor-heading-title.elementor-size-medium{font-size:19px}.elementor-widget-heading .elementor-heading-title.elementor-size-large{font-size:29px}.elementor-widget-heading .elementor-heading-title.elementor-size-xl{font-size:39px}.elementor-widget-heading .elementor-heading-title.elementor-size-xxl{font-size:59px}<\/style><p class=\"elementor-heading-title elementor-size-default\"><br>Partners<\/p>\t\t<\/div>\n\t\t\t\t<\/div>\n\t\t\t\t<div class=\"elementor-element elementor-element-32690a4 elementor-widget elementor-widget-text-editor\" data-id=\"32690a4\" data-element_type=\"widget\" data-widget_type=\"text-editor.default\">\n\t\t\t\t<div class=\"elementor-widget-container\">\n\t\t\t<style>\/*! elementor - v3.23.0 - 23-07-2024 *\/\n.elementor-widget-text-editor.elementor-drop-cap-view-stacked .elementor-drop-cap{background-color:#69727d;color:#fff}.elementor-widget-text-editor.elementor-drop-cap-view-framed .elementor-drop-cap{color:#69727d;border:3px solid;background-color:transparent}.elementor-widget-text-editor:not(.elementor-drop-cap-view-default) .elementor-drop-cap{margin-top:8px}.elementor-widget-text-editor:not(.elementor-drop-cap-view-default) .elementor-drop-cap-letter{width:1em;height:1em}.elementor-widget-text-editor .elementor-drop-cap{float:left;text-align:center;line-height:1;font-size:50px}.elementor-widget-text-editor .elementor-drop-cap-letter{display:inline-block}<\/style>\t\t\t\t<p style=\"text-align: center;\"><span style=\"font-size: 17px; letter-spacing: 0.05em;\"><img decoding=\"async\" class=\"alignnone size-full wp-image-579\" src=\"https:\/\/www.san-met.ee\/wp-content\/uploads\/2024\/07\/list40.png\" alt=\"\" width=\"40\" height=\"40\" srcset=\"https:\/\/www.san-met.ee\/wp-content\/uploads\/2024\/07\/list40.png 40w, https:\/\/www.san-met.ee\/wp-content\/uploads\/2024\/07\/list40-12x12.png 12w\" sizes=\"(max-width: 40px) 100vw, 40px\" \/><br \/>Nordecon AS<br \/>TREF AS<br \/>Lemmink\u00e4inen Eesti AS<br \/>NCC Ehitus AS<br \/>NCC Rakenus OY<br \/>Astlanda Ehitus O\u00dc<br \/>Merko Ehitus AS<br \/>Tallinna Teede AS<br \/>Yit Ehitus aS<br \/>Bauschmidt O\u00dc<br \/>TREF Nord O\u00dc<br \/>Vooremaa Teed AS<br \/>JCDecaux Eesti O\u00dc.<\/span><\/p>\t\t\t\t\t\t<\/div>\n\t\t\t\t<\/div>\n\t\t\t\t\t<\/div>\n\t\t<\/div>\n\t\t\t\t<div class=\"elementor-column elementor-col-50 elementor-inner-column elementor-element elementor-element-d4d553c\" data-id=\"d4d553c\" data-element_type=\"column\">\n\t\t\t<div class=\"elementor-widget-wrap elementor-element-populated\">\n\t\t\t\t\t\t<div class=\"elementor-element elementor-element-a5a0b88 elementor-widget elementor-widget-text-editor\" data-id=\"a5a0b88\" data-element_type=\"widget\" data-widget_type=\"text-editor.default\">\n\t\t\t\t<div class=\"elementor-widget-container\">\n\t\t\t\t\t\t\t<p style=\"text-align: center;\"><span style=\"font-size: 17px; letter-spacing: 0.05em;\"><img decoding=\"async\" class=\"alignnone size-full wp-image-579\" src=\"https:\/\/www.san-met.ee\/wp-content\/uploads\/2024\/07\/list40.png\" alt=\"\" width=\"40\" height=\"40\" srcset=\"https:\/\/www.san-met.ee\/wp-content\/uploads\/2024\/07\/list40.png 40w, https:\/\/www.san-met.ee\/wp-content\/uploads\/2024\/07\/list40-12x12.png 12w\" sizes=\"(max-width: 40px) 100vw, 40px\" \/><br \/><strong>As a manufacturer of bus shelters, many city and municipality governments are also our cooperation partners:<\/strong><br \/>Tallinna LV, Tartu LV, P\u00e4rnu LV, Rakvere LV, K\u00e4rdla LV, Harku VV,Saku VV, Haljala VV, Noarootsi VV jne<br \/><\/span><\/p>\t\t\t\t\t\t<\/div>\n\t\t\t\t<\/div>\n\t\t\t\t\t<\/div>\n\t\t<\/div>\n\t\t\t\t\t<\/div>\n\t\t<\/section>\n\t\t\t\t\t<\/div>\n\t\t<\/div>\n\t\t\t\t\t<\/div>\n\t\t<\/section>\n\t\t\t\t<section class=\"elementor-section elementor-top-section elementor-element elementor-element-508e5b9 elementor-section-full_width elementor-section-content-middle elementor-section-height-default elementor-section-height-default\" data-id=\"508e5b9\" data-element_type=\"section\" data-settings=\"{&quot;background_background&quot;:&quot;classic&quot;}\">\n\t\t\t\t\t\t<div class=\"elementor-container elementor-column-gap-default\">\n\t\t\t\t\t<div class=\"elementor-column elementor-col-33 elementor-top-column elementor-element elementor-element-63b50fb\" data-id=\"63b50fb\" data-element_type=\"column\">\n\t\t\t<div class=\"elementor-widget-wrap elementor-element-populated\">\n\t\t\t\t\t\t<div class=\"elementor-element elementor-element-480f68f elementor-widget elementor-widget-image\" data-id=\"480f68f\" data-element_type=\"widget\" data-widget_type=\"image.default\">\n\t\t\t\t<div class=\"elementor-widget-container\">\n\t\t\t<style>\/*! elementor - v3.23.0 - 23-07-2024 *\/\n.elementor-widget-image{text-align:center}.elementor-widget-image a{display:inline-block}.elementor-widget-image a img[src$=\".svg\"]{width:48px}.elementor-widget-image img{vertical-align:middle;display:inline-block}<\/style>\t\t\t\t\t\t\t\t\t\t<img decoding=\"async\" width=\"215\" height=\"45\" src=\"https:\/\/www.san-met.ee\/wp-content\/uploads\/2024\/07\/sanmet-logo-4.png\" class=\"attachment-large size-large wp-image-520\" alt=\"\" srcset=\"https:\/\/www.san-met.ee\/wp-content\/uploads\/2024\/07\/sanmet-logo-4.png 215w, https:\/\/www.san-met.ee\/wp-content\/uploads\/2024\/07\/sanmet-logo-4-18x4.png 18w, https:\/\/www.san-met.ee\/wp-content\/uploads\/2024\/07\/sanmet-logo-4-200x42.png 200w\" sizes=\"(max-width: 215px) 100vw, 215px\" \/>\t\t\t\t\t\t\t\t\t\t\t\t\t<\/div>\n\t\t\t\t<\/div>\n\t\t\t\t\t<\/div>\n\t\t<\/div>\n\t\t\t\t<div class=\"elementor-column elementor-col-33 elementor-top-column elementor-element elementor-element-0230dcd\" data-id=\"0230dcd\" data-element_type=\"column\">\n\t\t\t<div class=\"elementor-widget-wrap elementor-element-populated\">\n\t\t\t\t\t\t<div class=\"elementor-element elementor-element-85500ba elementor-widget elementor-widget-text-editor\" data-id=\"85500ba\" data-element_type=\"widget\" data-widget_type=\"text-editor.default\">\n\t\t\t\t<div class=\"elementor-widget-container\">\n\t\t\t\t\t\t\t<p style=\"text-align: center;\">Peterburi tee 2C,Tallinn<br \/>E-mail: eldur@san-met.ee<br \/>tel: +372 56 211 929<\/p>\t\t\t\t\t\t<\/div>\n\t\t\t\t<\/div>\n\t\t\t\t\t<\/div>\n\t\t<\/div>\n\t\t\t\t<div class=\"elementor-column elementor-col-33 elementor-top-column elementor-element elementor-element-637a8c7\" data-id=\"637a8c7\" data-element_type=\"column\">\n\t\t\t<div class=\"elementor-widget-wrap elementor-element-populated\">\n\t\t\t\t\t\t<div class=\"elementor-element elementor-element-9573d28 elementor-widget elementor-widget-text-editor\" data-id=\"9573d28\" data-element_type=\"widget\" data-widget_type=\"text-editor.default\">\n\t\t\t\t<div class=\"elementor-widget-container\">\n\t\t\t\t\t\t\t<p style=\"text-align: center;\">Reg nr: 11079772<br \/>a\/a: LHV EE147700771008245785<\/p>\t\t\t\t\t\t<\/div>\n\t\t\t\t<\/div>\n\t\t\t\t\t<\/div>\n\t\t<\/div>\n\t\t\t\t\t<\/div>\n\t\t<\/section>\n\t\t\t\t<\/div>","protected":false},"excerpt":{"rendered":"<p>Partnerid Nordecon ASTREF ASLemmink\u00e4inen Eesti ASNCC Ehitus ASNCC Rakenus OYAstlanda Ehitus O\u00dcMerko Ehitus ASTallinna Teede ASYit Ehitus aSBauschmidt O\u00dcTREF Nord O\u00dcVooremaa Teed ASJCDecaux Eesti O\u00dc. Kuna tegeleme bussipaviljonide valmistamisega, siis on meie koost\u00f6\u00f6partneriteks ka paljud linna- ja vallavalitsused:Tallinna LV, Tartu LV, P\u00e4rnu LV, Rakvere LV, K\u00e4rdla LV, Harku VV,Saku VV, Haljala VV, Noarootsi VV jne [&hellip;]<\/p>","protected":false},"author":1,"featured_media":0,"parent":0,"menu_order":0,"comment_status":"closed","ping_status":"closed","template":"page-templates\/index-hero-slideshow-zoom-fade.php","meta":{"footnotes":""},"class_list":["post-570","page","type-page","status-publish","hentry"],"_links":{"self":[{"href":"https:\/\/www.san-met.ee\/en\/wp-json\/wp\/v2\/pages\/570"}],"collection":[{"href":"https:\/\/www.san-met.ee\/en\/wp-json\/wp\/v2\/pages"}],"about":[{"href":"https:\/\/www.san-met.ee\/en\/wp-json\/wp\/v2\/types\/page"}],"author":[{"embeddable":true,"href":"https:\/\/www.san-met.ee\/en\/wp-json\/wp\/v2\/users\/1"}],"replies":[{"embeddable":true,"href":"https:\/\/www.san-met.ee\/en\/wp-json\/wp\/v2\/comments?post=570"}],"version-history":[{"count":53,"href":"https:\/\/www.san-met.ee\/en\/wp-json\/wp\/v2\/pages\/570\/revisions"}],"predecessor-version":[{"id":943,"href":"https:\/\/www.san-met.ee\/en\/wp-json\/wp\/v2\/pages\/570\/revisions\/943"}],"wp:attachment":[{"href":"https:\/\/www.san-met.ee\/en\/wp-json\/wp\/v2\/media?parent=570"}],"curies":[{"name":"wp","href":"https:\/\/api.w.org\/{rel}","templated":true}]}}